{"id":45,"date":"2020-09-05T22:27:52","date_gmt":"2020-09-05T22:27:52","guid":{"rendered":"https:\/\/test.bs-vermietung.de\/?page_id=45"},"modified":"2025-08-19T14:34:42","modified_gmt":"2025-08-19T14:34:42","slug":"impressum","status":"publish","type":"page","link":"https:\/\/bs-vermietung.de\/index.php\/impressum\/","title":{"rendered":"Impressum"},"content":{"rendered":"<p>[et_pb_section fb_built=&#8220;1&#8243; _builder_version=&#8220;4.0.6&#8243; global_colors_info=&#8220;{}&#8220;][et_pb_row column_structure=&#8220;3_5,2_5&#8243; _builder_version=&#8220;4.0.6&#8243; global_colors_info=&#8220;{}&#8220;][et_pb_column type=&#8220;3_5&#8243; _builder_version=&#8220;4.0.6&#8243; global_colors_info=&#8220;{}&#8220;][et_pb_text _builder_version=&#8220;4.14.8&#8243; hover_enabled=&#8220;0&#8243; global_colors_info=&#8220;{}&#8220; sticky_enabled=&#8220;0&#8243;]<\/p>\n<div class=\"articlearea\">\n<h2>Impressum<\/h2>\n<p><strong>BS-Vermietung.de<br \/><\/strong>U.Gillmeister<br \/>Recknitzstr. 7<br \/>38120 Braunschweig<br \/>Telefon: 0531 \/ 22 43 42 09<br \/>Mobil: 0160 \/ 672 44 10<br \/>Steuernummer: 14\/114\/15652<\/p>\n<p><a href=\"mailto:vermietung@gillmeister.it.de\"><u><span style=\"color: #0000ff;\">info@bs-vermietung.de<\/span><\/u><br \/><\/a><br \/>Inhaltlich Verantwortlicher gem\u00e4\u00df \u00a7 55 Abs. 2 RStV: U.Gillmeister<\/p>\n<\/div>\n<div class=\"articlearea\">\n<h2>Haftungshinweis<\/h2>\n<p>Trotz sorgf\u00e4ltiger inhaltlicher Kontrolle \u00fcbernehmen wir keine Haftung f\u00fcr die Inhalte externer Links. F\u00fcr den Inhalt der verlinkten Seiten sind ausschlie\u00dflich deren Betreiber verantwortlich.<\/p>\n<\/div>\n<div class=\"articlearea\">\n<h2>Bildnachweise<\/h2>\n<p><strong>Urheber und Bildquelle der im Original-Layout &#8222;Simple Responsive&#8220;\u00a0verwendeten Bilder:<\/strong><br \/>Forest Stream \u00a9 Tinka #1203025 \/ fotolia.de<br \/>Wegzeiger \u00a9 S. Seiz \/ zeta-software.de<br \/>Cape Point \u00a9 S. Seiz \/ zeta-software.de<\/p>\n<\/div>\n<p>[\/et_pb_text][\/et_pb_column][et_pb_column type=&#8220;2_5&#8243; _builder_version=&#8220;4.0.6&#8243; global_colors_info=&#8220;{}&#8220;][\/et_pb_column][\/et_pb_row][\/et_pb_section]<\/p>\n","protected":false},"excerpt":{"rendered":"<p>Impressum BS-Vermietung.deU.GillmeisterRecknitzstr. 738120 BraunschweigTelefon: 0531 \/ 22 43 42 09Mobil: 0160 \/ 672 44 10Steuernummer: 14\/114\/15652 info@bs-vermietung.deInhaltlich Verantwortlicher gem\u00e4\u00df \u00a7 55 Abs. 2 RStV: U.Gillmeister Haftungshinweis Trotz sorgf\u00e4ltiger inhaltlicher Kontrolle \u00fcbernehmen wir keine Haftung f\u00fcr die Inhalte externer Links. F\u00fcr den Inhalt der verlinkten Seiten sind ausschlie\u00dflich deren Betreiber verantwortlich. Bildnachweise Urheber und Bildquelle der [&hellip;]<\/p>\n","protected":false},"author":1,"featured_media":0,"parent":0,"menu_order":0,"comment_status":"closed","ping_status":"closed","template":"","meta":{"_et_pb_use_builder":"on","_et_pb_old_content":"","_et_gb_content_width":"","_exactmetrics_skip_tracking":false,"_exactmetrics_sitenote_active":false,"_exactmetrics_sitenote_note":"","_exactmetrics_sitenote_category":0,"_uf_show_specific_survey":0,"_uf_disable_surveys":false,"footnotes":""},"class_list":["post-45","page","type-page","status-publish","hentry"],"yoast_head":"<!-- This site is optimized with the Yoast SEO plugin v27.5 - https:\/\/yoast.com\/product\/yoast-seo-wordpress\/ -->\n<title>Impressum - BS-Vermietung<\/title>\n<meta name=\"robots\" content=\"index, follow, max-snippet:-1, max-image-preview:large, max-video-preview:-1\" \/>\n<link rel=\"canonical\" href=\"https:\/\/bs-vermietung.de\/index.php\/impressum\/\" \/>\n<meta property=\"og:locale\" content=\"de_DE\" \/>\n<meta property=\"og:type\" content=\"article\" \/>\n<meta property=\"og:title\" content=\"Impressum - BS-Vermietung\" \/>\n<meta property=\"og:description\" content=\"Impressum BS-Vermietung.deU.GillmeisterRecknitzstr. 738120 BraunschweigTelefon: 0531 \/ 22 43 42 09Mobil: 0160 \/ 672 44 10Steuernummer: 14\/114\/15652 info@bs-vermietung.deInhaltlich Verantwortlicher gem\u00e4\u00df \u00a7 55 Abs. 2 RStV: U.Gillmeister Haftungshinweis Trotz sorgf\u00e4ltiger inhaltlicher Kontrolle \u00fcbernehmen wir keine Haftung f\u00fcr die Inhalte externer Links. F\u00fcr den Inhalt der verlinkten Seiten sind ausschlie\u00dflich deren Betreiber verantwortlich. Bildnachweise Urheber und Bildquelle der [&hellip;]\" \/>\n<meta property=\"og:url\" content=\"https:\/\/bs-vermietung.de\/index.php\/impressum\/\" \/>\n<meta property=\"og:site_name\" content=\"BS-Vermietung\" \/>\n<meta property=\"article:publisher\" content=\"https:\/\/www.facebook.com\/musikanlagen\" \/>\n<meta property=\"article:modified_time\" content=\"2025-08-19T14:34:42+00:00\" \/>\n<meta name=\"twitter:card\" content=\"summary_large_image\" \/>\n<meta name=\"twitter:label1\" content=\"Gesch\u00e4tzte Lesezeit\" \/>\n\t<meta name=\"twitter:data1\" content=\"1\u00a0Minute\" \/>\n<script type=\"application\/ld+json\" class=\"yoast-schema-graph\">{\"@context\":\"https:\\\/\\\/schema.org\",\"@graph\":[{\"@type\":\"WebPage\",\"@id\":\"https:\\\/\\\/bs-vermietung.de\\\/index.php\\\/impressum\\\/\",\"url\":\"https:\\\/\\\/bs-vermietung.de\\\/index.php\\\/impressum\\\/\",\"name\":\"Impressum - BS-Vermietung\",\"isPartOf\":{\"@id\":\"https:\\\/\\\/bs-vermietung.de\\\/#website\"},\"datePublished\":\"2020-09-05T22:27:52+00:00\",\"dateModified\":\"2025-08-19T14:34:42+00:00\",\"breadcrumb\":{\"@id\":\"https:\\\/\\\/bs-vermietung.de\\\/index.php\\\/impressum\\\/#breadcrumb\"},\"inLanguage\":\"de\",\"potentialAction\":[{\"@type\":\"ReadAction\",\"target\":[\"https:\\\/\\\/bs-vermietung.de\\\/index.php\\\/impressum\\\/\"]}]},{\"@type\":\"BreadcrumbList\",\"@id\":\"https:\\\/\\\/bs-vermietung.de\\\/index.php\\\/impressum\\\/#breadcrumb\",\"itemListElement\":[{\"@type\":\"ListItem\",\"position\":1,\"name\":\"Startseite\",\"item\":\"https:\\\/\\\/bs-vermietung.de\\\/\"},{\"@type\":\"ListItem\",\"position\":2,\"name\":\"Impressum\"}]},{\"@type\":\"WebSite\",\"@id\":\"https:\\\/\\\/bs-vermietung.de\\\/#website\",\"url\":\"https:\\\/\\\/bs-vermietung.de\\\/\",\"name\":\"BS Vermietung - PA Anlagen\",\"description\":\"PA und DJ Musikanlagen Vermietung Braunschweig\",\"publisher\":{\"@id\":\"https:\\\/\\\/bs-vermietung.de\\\/#organization\"},\"potentialAction\":[{\"@type\":\"SearchAction\",\"target\":{\"@type\":\"EntryPoint\",\"urlTemplate\":\"https:\\\/\\\/bs-vermietung.de\\\/?s={search_term_string}\"},\"query-input\":{\"@type\":\"PropertyValueSpecification\",\"valueRequired\":true,\"valueName\":\"search_term_string\"}}],\"inLanguage\":\"de\"},{\"@type\":\"Organization\",\"@id\":\"https:\\\/\\\/bs-vermietung.de\\\/#organization\",\"name\":\"BS-Vermietung\",\"url\":\"https:\\\/\\\/bs-vermietung.de\\\/\",\"logo\":{\"@type\":\"ImageObject\",\"inLanguage\":\"de\",\"@id\":\"https:\\\/\\\/bs-vermietung.de\\\/#\\\/schema\\\/logo\\\/image\\\/\",\"url\":\"https:\\\/\\\/bs-vermietung.de\\\/wp-content\\\/uploads\\\/2020\\\/09\\\/pa_anlage_asa02.jpg\",\"contentUrl\":\"https:\\\/\\\/bs-vermietung.de\\\/wp-content\\\/uploads\\\/2020\\\/09\\\/pa_anlage_asa02.jpg\",\"width\":640,\"height\":450,\"caption\":\"BS-Vermietung\"},\"image\":{\"@id\":\"https:\\\/\\\/bs-vermietung.de\\\/#\\\/schema\\\/logo\\\/image\\\/\"},\"sameAs\":[\"https:\\\/\\\/www.facebook.com\\\/musikanlagen\"]}]}<\/script>\n<!-- \/ Yoast SEO plugin. -->","yoast_head_json":{"title":"Impressum - BS-Vermietung","robots":{"index":"index","follow":"follow","max-snippet":"max-snippet:-1","max-image-preview":"max-image-preview:large","max-video-preview":"max-video-preview:-1"},"canonical":"https:\/\/bs-vermietung.de\/index.php\/impressum\/","og_locale":"de_DE","og_type":"article","og_title":"Impressum - BS-Vermietung","og_description":"Impressum BS-Vermietung.deU.GillmeisterRecknitzstr. 738120 BraunschweigTelefon: 0531 \/ 22 43 42 09Mobil: 0160 \/ 672 44 10Steuernummer: 14\/114\/15652 info@bs-vermietung.deInhaltlich Verantwortlicher gem\u00e4\u00df \u00a7 55 Abs. 2 RStV: U.Gillmeister Haftungshinweis Trotz sorgf\u00e4ltiger inhaltlicher Kontrolle \u00fcbernehmen wir keine Haftung f\u00fcr die Inhalte externer Links. F\u00fcr den Inhalt der verlinkten Seiten sind ausschlie\u00dflich deren Betreiber verantwortlich. Bildnachweise Urheber und Bildquelle der [&hellip;]","og_url":"https:\/\/bs-vermietung.de\/index.php\/impressum\/","og_site_name":"BS-Vermietung","article_publisher":"https:\/\/www.facebook.com\/musikanlagen","article_modified_time":"2025-08-19T14:34:42+00:00","twitter_card":"summary_large_image","twitter_misc":{"Gesch\u00e4tzte Lesezeit":"1\u00a0Minute"},"schema":{"@context":"https:\/\/schema.org","@graph":[{"@type":"WebPage","@id":"https:\/\/bs-vermietung.de\/index.php\/impressum\/","url":"https:\/\/bs-vermietung.de\/index.php\/impressum\/","name":"Impressum - BS-Vermietung","isPartOf":{"@id":"https:\/\/bs-vermietung.de\/#website"},"datePublished":"2020-09-05T22:27:52+00:00","dateModified":"2025-08-19T14:34:42+00:00","breadcrumb":{"@id":"https:\/\/bs-vermietung.de\/index.php\/impressum\/#breadcrumb"},"inLanguage":"de","potentialAction":[{"@type":"ReadAction","target":["https:\/\/bs-vermietung.de\/index.php\/impressum\/"]}]},{"@type":"BreadcrumbList","@id":"https:\/\/bs-vermietung.de\/index.php\/impressum\/#breadcrumb","itemListElement":[{"@type":"ListItem","position":1,"name":"Startseite","item":"https:\/\/bs-vermietung.de\/"},{"@type":"ListItem","position":2,"name":"Impressum"}]},{"@type":"WebSite","@id":"https:\/\/bs-vermietung.de\/#website","url":"https:\/\/bs-vermietung.de\/","name":"BS Vermietung - PA Anlagen","description":"PA und DJ Musikanlagen Vermietung Braunschweig","publisher":{"@id":"https:\/\/bs-vermietung.de\/#organization"},"potentialAction":[{"@type":"SearchAction","target":{"@type":"EntryPoint","urlTemplate":"https:\/\/bs-vermietung.de\/?s={search_term_string}"},"query-input":{"@type":"PropertyValueSpecification","valueRequired":true,"valueName":"search_term_string"}}],"inLanguage":"de"},{"@type":"Organization","@id":"https:\/\/bs-vermietung.de\/#organization","name":"BS-Vermietung","url":"https:\/\/bs-vermietung.de\/","logo":{"@type":"ImageObject","inLanguage":"de","@id":"https:\/\/bs-vermietung.de\/#\/schema\/logo\/image\/","url":"https:\/\/bs-vermietung.de\/wp-content\/uploads\/2020\/09\/pa_anlage_asa02.jpg","contentUrl":"https:\/\/bs-vermietung.de\/wp-content\/uploads\/2020\/09\/pa_anlage_asa02.jpg","width":640,"height":450,"caption":"BS-Vermietung"},"image":{"@id":"https:\/\/bs-vermietung.de\/#\/schema\/logo\/image\/"},"sameAs":["https:\/\/www.facebook.com\/musikanlagen"]}]}},"_links":{"self":[{"href":"https:\/\/bs-vermietung.de\/index.php\/wp-json\/wp\/v2\/pages\/45","targetHints":{"allow":["GET"]}}],"collection":[{"href":"https:\/\/bs-vermietung.de\/index.php\/wp-json\/wp\/v2\/pages"}],"about":[{"href":"https:\/\/bs-vermietung.de\/index.php\/wp-json\/wp\/v2\/types\/page"}],"author":[{"embeddable":true,"href":"https:\/\/bs-vermietung.de\/index.php\/wp-json\/wp\/v2\/users\/1"}],"replies":[{"embeddable":true,"href":"https:\/\/bs-vermietung.de\/index.php\/wp-json\/wp\/v2\/comments?post=45"}],"version-history":[{"count":8,"href":"https:\/\/bs-vermietung.de\/index.php\/wp-json\/wp\/v2\/pages\/45\/revisions"}],"predecessor-version":[{"id":480,"href":"https:\/\/bs-vermietung.de\/index.php\/wp-json\/wp\/v2\/pages\/45\/revisions\/480"}],"wp:attachment":[{"href":"https:\/\/bs-vermietung.de\/index.php\/wp-json\/wp\/v2\/media?parent=45"}],"curies":[{"name":"wp","href":"https:\/\/api.w.org\/{rel}","templated":true}]}}