{"id":43,"date":"2020-09-05T22:27:52","date_gmt":"2020-09-05T22:27:52","guid":{"rendered":"https:\/\/test.bs-vermietung.de\/?page_id=43"},"modified":"2025-08-15T11:54:42","modified_gmt":"2025-08-15T11:54:42","slug":"mietbedingungen-agb","status":"publish","type":"page","link":"https:\/\/bs-vermietung.de\/index.php\/mietbedingungen-agb\/","title":{"rendered":"Mietbedingungen \/ AGB"},"content":{"rendered":"<p>[et_pb_section fb_built=&#8220;1&#8243; _builder_version=&#8220;4.0.6&#8243; global_colors_info=&#8220;{}&#8220;][et_pb_row _builder_version=&#8220;4.0.6&#8243; global_colors_info=&#8220;{}&#8220;][et_pb_column type=&#8220;4_4&#8243; _builder_version=&#8220;4.0.6&#8243; global_colors_info=&#8220;{}&#8220;][et_pb_text _builder_version=&#8220;4.0.6&#8243; global_colors_info=&#8220;{}&#8220;]<\/p>\n<h1>Mietbedingungen\/AGB<\/h1>\n<div class=\"articlearea\">\n<p align=\"left\"><strong><u>Allgemein:<\/u><\/strong><\/p>\n<p>Falls es sich bei dem Mietzeitraum um ein Wochenende handelt, so gilt der Preis von Freitag 7:00 Uhr bis Montag 20:00 Uhr. Sie k\u00f6nnen den Artikel also auch schon am Freitag abholen, ggf. ist eine Abholung auch schon am Do. ohne Aufpreis m\u00f6glich. Bitte teilen Sie uns sp\u00e4testens zwei Tage vorher mit, wann Sie den Artikel abholen wollen, falls m\u00f6glich mit Uhrzeit, damit ggf. eine Einweisung f\u00fcr das Ger\u00e4t m\u00f6glich ist. Der Mietpreis ist bei Abholung zu entrichten, eine Kaution ist nicht zu hinterlegen. Die Abholadresse ist Recknitzstr. 7, 38120 Braunschweig, Telefon: 0531\/22 43 42 09 oder 0160\/6724410<\/p>\n<p><b><u>Nutzungsvereinbarung<\/u><\/b><\/p>\n<p>&nbsp;<\/p>\n<p>&nbsp;<\/p>\n<p><b>zwischen<\/b><\/p>\n<p>&nbsp;<\/p>\n<p>_________________________________________________________<\/p>\n<p align=\"right\">\u2013 im Folgenden \u201e<b>Vermieter<\/b>\u201c genannt \u2013<\/p>\n<p>&nbsp;<\/p>\n<p><b>und<\/b><\/p>\n<p>&nbsp;<\/p>\n<p>_________________________________________________________<\/p>\n<p>&nbsp;<\/p>\n<p align=\"right\">\u00a0\u2013 im Folgenden \u201e<b>Mieter<\/b>\u201c genannt \u2013<\/p>\n<p>&nbsp;<\/p>\n<p><b>\u00a7 1\u00a0\u00a0\u00a0\u00a0 Mietsache<\/b><\/p>\n<p>\u00a0\u00a0\u00a0\u00a0\u00a0\u00a0\u00a0\u00a0 Gegenstand der Nutzungsvereinbarung ist die Vermietung eines\/einer ___________________<\/p>\n<p>\u00a0\u00a0\u00a0\u00a0\u00a0\u00a0\u00a0\u00a0 ____________________________________________________________________________<\/p>\n<p>\u00a0\u00a0\u00a0\u00a0\u00a0\u00a0\u00a0\u00a0 f\u00fcr den Zeitraum vom _______________________ bis ______________________ .<\/p>\n<p>\u00a0\u00a0\u00a0\u00a0\u00a0\u00a0\u00a0\u00a0\u00a0\u00a0\u00a0\u00a0\u00a0\u00a0\u00a0\u00a0\u00a0\u00a0\u00a0\u00a0\u00a0\u00a0\u00a0\u00a0\u00a0\u00a0\u00a0\u00a0\u00a0\u00a0\u00a0\u00a0\u00a0\u00a0\u00a0\u00a0\u00a0\u00a0\u00a0\u00a0\u00a0\u00a0\u00a0\u00a0\u00a0\u00a0\u00a0\u00a0\u00a0\u00a0\u00a0\u00a0<i>(Angabe des Datums, ggf. der Uhrzeit)<\/i><\/p>\n<p><b>\u00a7 2\u00a0\u00a0\u00a0\u00a0 Mietzins<\/b><\/p>\n<p>\u00a0\u00a0\u00a0\u00a0\u00a0\u00a0\u00a0\u00a0 Der Mietzins betr\u00e4gt pro Wochenende\/Tag\/Woche\/Monat ____________ EUR, insgesamt also ___________ EUR. Hierin ist die gesetzliche Umsatzsteuer in H\u00f6he von __________ EUR enthalten. Der Mietzins ist im Voraus zu entrichten.<\/p>\n<p>&nbsp;<\/p>\n<p><b>\u00a7 3\u00a0\u00a0\u00a0\u00a0 Kaution<\/b><\/p>\n<p>(1) Eine Kaution ist zur Zeit nicht zu hinterlegen.<\/p>\n<p><b>\u00a7 4\u00a0\u00a0\u00a0\u00a0 Pflichten des Mieters<\/b><\/p>\n<p>(1)\u00a0\u00a0\u00a0\u00a0 Der Mieter verpflichtet sich, die Mietsache sorgfaltsgem\u00e4\u00df zu behandeln, insbesondere die Hinweise zur sachgem\u00e4\u00dfen Benutzung der Mietsache (Gebrauchsanweisung, Warnhinweise o.\u00c4.), soweit diese vom Vermieter zur Verf\u00fcgung gestellt werden, zu beachten und die Mietsache nur demgem\u00e4\u00df einzusetzen. Bei Unklarheiten hat er sich vor Inbetriebnahme oder Nutzung der Mietsache gegebenenfalls beim Vermieter \u00fcber die sachgem\u00e4\u00dfe Benutzung zu informieren.<\/p>\n<p>(2)\u00a0\u00a0\u00a0\u00a0 Der Mieter haftet dem Vermieter f\u00fcr Sch\u00e4den an der Mietsache, die durch Verletzung der ihm obliegenden Obhuts- und Sorgfaltspflichten schuldhaft verursacht werden. Ver\u00e4nderungen oder Verschlechterungen der Mietsache, die durch den vertragsgem\u00e4\u00dfen Gebrauch herbeigef\u00fchrt werden, hat der Mieter nicht zu vertreten. Dies gilt insbesondere f\u00fcr Verschlei\u00dfteile.<\/p>\n<p>(3)\u00a0\u00a0\u00a0\u00a0 Der Mieter hat dem Vermieter einen etwaigen Mangel der Mietsache unverz\u00fcglich anzuzeigen. Unterbleibt eine Anzeige, hat der Mieter dem Vermieter den daraus entstehenden Schaden zu ersetzen. Soweit der Vermieter aus diesem Grunde keine Abhilfe schaffen kann, haftet er Vermieter nicht f\u00fcr Sch\u00e4den, die aufgrund des Mangels an der Mietsache oder an anderen Sachen entstehen.<\/p>\n<p>\u00a0(4)\u00a0\u00a0\u00a0 Eine Untervermietung muss vorher angek\u00fcndigt werden. Der Mieter ist verpflichtet, die Mietsache am Ende des Mietzeitraumes dem Vermieter in dem Zustand zur\u00fcckzugeben, in dem er sie vom Vermieter erhalten hat. Gibt der Mieter die Mietsache nicht rechtzeitig zur\u00fcck, so kann der Vermieter f\u00fcr die Dauer der Vorenthaltung die Miete als Entsch\u00e4digung verlangen, die gem\u00e4\u00df der Preisberechnung in \u00a7 2 f\u00fcr den zus\u00e4tzlichen Zeitraum zu zahlen gewesen w\u00e4re. Die Geltendmachung weiter gehenden Schadensersatzes bleibt hiervon unber\u00fchrt.<\/p>\n<p><b>\u00a7 5 \u00a0\u00a0\u00a0 Pflichten des Vermieters<\/b><\/p>\n<p>(1)\u00a0\u00a0\u00a0\u00a0 Der Vermieter verpflichtet sich, dem Mieter den Mietgegenstand f\u00fcr den oben angegebenen Zeitraum in einem zum vertragsgem\u00e4\u00dfen Gebrauch geeigneten Zustand zur uneingeschr\u00e4nkten Nutzung zu \u00fcberlassen. Er versichert, dass er zur Vermietung der Mietsache berechtigt ist.<\/p>\n<p>(2)\u00a0\u00a0\u00a0\u00a0 Der Vermieter hat die Mietsache zu Beginn des Mietzeitraumes zur Abholung bereitzuhalten. Er ist nicht verpflichtet, die Mietsache an einen anderen Ort als seinen Wohn- oder Gesch\u00e4ftssitz zu versenden. Tut er es dennoch, so geschieht dies auf Kosten und Gefahr des Mieters.<\/p>\n<p><b>\u00a7 6\u00a0\u00a0\u00a0\u00a0 Vertragslaufzeit<\/b><\/p>\n<p>\u00a0\u00a0\u00a0\u00a0\u00a0\u00a0\u00a0\u00a0 Der Vertrag wird auf die in \u00a7 1 bestimmte Zeit geschlossen und ist vor Ablauf der Zeit von keiner Partei ordentlich k\u00fcndbar. Das Recht zur K\u00fcndigung aus wichtigem Grund bleibt hiervon unber\u00fchrt.<\/p>\n<p><b>\u00a7 7\u00a0\u00a0\u00a0\u00a0 Salvatorische Klausel<\/b><\/p>\n<p>\u00a0\u00a0\u00a0\u00a0\u00a0\u00a0\u00a0\u00a0 Die Unwirksamkeit einer der vorstehenden Bestimmungen ber\u00fchrt die Wirksamkeit des Vertrages im \u00dcbrigen nicht. An die Stelle der unwirksamen Bestimmung soll die Regelung treten, die der unwirksamen Regelung bei wirtschaftlicher Betrachtung am n\u00e4chsten kommt.<\/p>\n<p>&nbsp;<\/p>\n<p>___________________, den ___________\u00a0\u00a0\u00a0\u00a0\u00a0\u00a0\u00a0\u00a0\u00a0\u00a0\u00a0\u00a0\u00a0\u00a0\u00a0\u00a0 ___________________, den ___________<\/p>\n<p>&nbsp;<\/p>\n<p>&nbsp;<\/p>\n<p>\u00a0\u00a0\u00a0\u00a0\u00a0 __________________________\u00a0\u00a0\u00a0\u00a0\u00a0\u00a0\u00a0\u00a0\u00a0\u00a0\u00a0\u00a0\u00a0\u00a0\u00a0\u00a0\u00a0\u00a0\u00a0\u00a0\u00a0\u00a0\u00a0\u00a0\u00a0\u00a0\u00a0\u00a0\u00a0\u00a0\u00a0\u00a0\u00a0\u00a0\u00a0 _________________________<\/p>\n<p>\u00a0\u00a0\u00a0\u00a0\u00a0\u00a0\u00a0\u00a0\u00a0\u00a0\u00a0\u00a0\u00a0\u00a0\u00a0\u00a0\u00a0\u00a0\u00a0\u00a0\u00a0\u00a0\u00a0 \u00a0\u00a0 (Vermieter)\u00a0\u00a0\u00a0\u00a0\u00a0\u00a0\u00a0\u00a0\u00a0\u00a0\u00a0\u00a0\u00a0\u00a0\u00a0\u00a0\u00a0\u00a0\u00a0\u00a0\u00a0\u00a0\u00a0\u00a0\u00a0\u00a0\u00a0\u00a0\u00a0\u00a0\u00a0\u00a0\u00a0\u00a0\u00a0\u00a0\u00a0\u00a0\u00a0\u00a0\u00a0\u00a0\u00a0\u00a0\u00a0\u00a0\u00a0\u00a0\u00a0\u00a0\u00a0\u00a0\u00a0\u00a0\u00a0\u00a0\u00a0\u00a0\u00a0\u00a0\u00a0\u00a0\u00a0\u00a0\u00a0\u00a0\u00a0\u00a0\u00a0\u00a0\u00a0\u00a0\u00a0\u00a0\u00a0\u00a0\u00a0\u00a0\u00a0\u00a0\u00a0\u00a0\u00a0\u00a0\u00a0\u00a0\u00a0\u00a0\u00a0 \u00a0\u00a0\u00a0\u00a0 (Mieter)<\/p>\n<\/div>\n<p>[\/et_pb_text][\/et_pb_column][\/et_pb_row][\/et_pb_section]<\/p>\n","protected":false},"excerpt":{"rendered":"<p>Mietbedingungen\/AGB Allgemein: Falls es sich bei dem Mietzeitraum um ein Wochenende handelt, so gilt der Preis von Freitag 7:00 Uhr bis Montag 20:00 Uhr. Sie k\u00f6nnen den Artikel also auch schon am Freitag abholen, ggf. ist eine Abholung auch schon am Do. ohne Aufpreis m\u00f6glich. Bitte teilen Sie uns sp\u00e4testens zwei Tage vorher mit, wann [&hellip;]<\/p>\n","protected":false},"author":1,"featured_media":0,"parent":0,"menu_order":0,"comment_status":"closed","ping_status":"closed","template":"","meta":{"_et_pb_use_builder":"on","_et_pb_old_content":"","_et_gb_content_width":"","_exactmetrics_skip_tracking":false,"_exactmetrics_sitenote_active":false,"_exactmetrics_sitenote_note":"","_exactmetrics_sitenote_category":0,"_uf_show_specific_survey":0,"_uf_disable_surveys":false,"footnotes":""},"class_list":["post-43","page","type-page","status-publish","hentry"],"yoast_head":"<!-- This site is optimized with the Yoast SEO plugin v27.3 - https:\/\/yoast.com\/product\/yoast-seo-wordpress\/ -->\n<title>Mietbedingungen \/ AGB - BS-Vermietung<\/title>\n<meta name=\"robots\" content=\"index, follow, max-snippet:-1, max-image-preview:large, max-video-preview:-1\" \/>\n<link rel=\"canonical\" href=\"https:\/\/bs-vermietung.de\/index.php\/mietbedingungen-agb\/\" \/>\n<meta property=\"og:locale\" content=\"de_DE\" \/>\n<meta property=\"og:type\" content=\"article\" \/>\n<meta property=\"og:title\" content=\"Mietbedingungen \/ AGB - BS-Vermietung\" \/>\n<meta property=\"og:description\" content=\"Mietbedingungen\/AGB Allgemein: Falls es sich bei dem Mietzeitraum um ein Wochenende handelt, so gilt der Preis von Freitag 7:00 Uhr bis Montag 20:00 Uhr. Sie k\u00f6nnen den Artikel also auch schon am Freitag abholen, ggf. ist eine Abholung auch schon am Do. ohne Aufpreis m\u00f6glich. Bitte teilen Sie uns sp\u00e4testens zwei Tage vorher mit, wann [&hellip;]\" \/>\n<meta property=\"og:url\" content=\"https:\/\/bs-vermietung.de\/index.php\/mietbedingungen-agb\/\" \/>\n<meta property=\"og:site_name\" content=\"BS-Vermietung\" \/>\n<meta property=\"article:publisher\" content=\"https:\/\/www.facebook.com\/musikanlagen\" \/>\n<meta property=\"article:modified_time\" content=\"2025-08-15T11:54:42+00:00\" \/>\n<meta name=\"twitter:card\" content=\"summary_large_image\" \/>\n<meta name=\"twitter:label1\" content=\"Gesch\u00e4tzte Lesezeit\" \/>\n\t<meta name=\"twitter:data1\" content=\"4\u00a0Minuten\" \/>\n<script type=\"application\/ld+json\" class=\"yoast-schema-graph\">{\"@context\":\"https:\\\/\\\/schema.org\",\"@graph\":[{\"@type\":\"WebPage\",\"@id\":\"https:\\\/\\\/bs-vermietung.de\\\/index.php\\\/mietbedingungen-agb\\\/\",\"url\":\"https:\\\/\\\/bs-vermietung.de\\\/index.php\\\/mietbedingungen-agb\\\/\",\"name\":\"Mietbedingungen \\\/ AGB - BS-Vermietung\",\"isPartOf\":{\"@id\":\"https:\\\/\\\/bs-vermietung.de\\\/#website\"},\"datePublished\":\"2020-09-05T22:27:52+00:00\",\"dateModified\":\"2025-08-15T11:54:42+00:00\",\"breadcrumb\":{\"@id\":\"https:\\\/\\\/bs-vermietung.de\\\/index.php\\\/mietbedingungen-agb\\\/#breadcrumb\"},\"inLanguage\":\"de\",\"potentialAction\":[{\"@type\":\"ReadAction\",\"target\":[\"https:\\\/\\\/bs-vermietung.de\\\/index.php\\\/mietbedingungen-agb\\\/\"]}]},{\"@type\":\"BreadcrumbList\",\"@id\":\"https:\\\/\\\/bs-vermietung.de\\\/index.php\\\/mietbedingungen-agb\\\/#breadcrumb\",\"itemListElement\":[{\"@type\":\"ListItem\",\"position\":1,\"name\":\"Startseite\",\"item\":\"https:\\\/\\\/bs-vermietung.de\\\/\"},{\"@type\":\"ListItem\",\"position\":2,\"name\":\"Mietbedingungen \\\/ AGB\"}]},{\"@type\":\"WebSite\",\"@id\":\"https:\\\/\\\/bs-vermietung.de\\\/#website\",\"url\":\"https:\\\/\\\/bs-vermietung.de\\\/\",\"name\":\"BS Vermietung - PA Anlagen\",\"description\":\"PA und DJ Musikanlagen Vermietung Braunschweig\",\"publisher\":{\"@id\":\"https:\\\/\\\/bs-vermietung.de\\\/#organization\"},\"potentialAction\":[{\"@type\":\"SearchAction\",\"target\":{\"@type\":\"EntryPoint\",\"urlTemplate\":\"https:\\\/\\\/bs-vermietung.de\\\/?s={search_term_string}\"},\"query-input\":{\"@type\":\"PropertyValueSpecification\",\"valueRequired\":true,\"valueName\":\"search_term_string\"}}],\"inLanguage\":\"de\"},{\"@type\":\"Organization\",\"@id\":\"https:\\\/\\\/bs-vermietung.de\\\/#organization\",\"name\":\"BS-Vermietung\",\"url\":\"https:\\\/\\\/bs-vermietung.de\\\/\",\"logo\":{\"@type\":\"ImageObject\",\"inLanguage\":\"de\",\"@id\":\"https:\\\/\\\/bs-vermietung.de\\\/#\\\/schema\\\/logo\\\/image\\\/\",\"url\":\"https:\\\/\\\/bs-vermietung.de\\\/wp-content\\\/uploads\\\/2020\\\/09\\\/pa_anlage_asa02.jpg\",\"contentUrl\":\"https:\\\/\\\/bs-vermietung.de\\\/wp-content\\\/uploads\\\/2020\\\/09\\\/pa_anlage_asa02.jpg\",\"width\":640,\"height\":450,\"caption\":\"BS-Vermietung\"},\"image\":{\"@id\":\"https:\\\/\\\/bs-vermietung.de\\\/#\\\/schema\\\/logo\\\/image\\\/\"},\"sameAs\":[\"https:\\\/\\\/www.facebook.com\\\/musikanlagen\"]}]}<\/script>\n<!-- \/ Yoast SEO plugin. -->","yoast_head_json":{"title":"Mietbedingungen \/ AGB - BS-Vermietung","robots":{"index":"index","follow":"follow","max-snippet":"max-snippet:-1","max-image-preview":"max-image-preview:large","max-video-preview":"max-video-preview:-1"},"canonical":"https:\/\/bs-vermietung.de\/index.php\/mietbedingungen-agb\/","og_locale":"de_DE","og_type":"article","og_title":"Mietbedingungen \/ AGB - BS-Vermietung","og_description":"Mietbedingungen\/AGB Allgemein: Falls es sich bei dem Mietzeitraum um ein Wochenende handelt, so gilt der Preis von Freitag 7:00 Uhr bis Montag 20:00 Uhr. Sie k\u00f6nnen den Artikel also auch schon am Freitag abholen, ggf. ist eine Abholung auch schon am Do. ohne Aufpreis m\u00f6glich. Bitte teilen Sie uns sp\u00e4testens zwei Tage vorher mit, wann [&hellip;]","og_url":"https:\/\/bs-vermietung.de\/index.php\/mietbedingungen-agb\/","og_site_name":"BS-Vermietung","article_publisher":"https:\/\/www.facebook.com\/musikanlagen","article_modified_time":"2025-08-15T11:54:42+00:00","twitter_card":"summary_large_image","twitter_misc":{"Gesch\u00e4tzte Lesezeit":"4\u00a0Minuten"},"schema":{"@context":"https:\/\/schema.org","@graph":[{"@type":"WebPage","@id":"https:\/\/bs-vermietung.de\/index.php\/mietbedingungen-agb\/","url":"https:\/\/bs-vermietung.de\/index.php\/mietbedingungen-agb\/","name":"Mietbedingungen \/ AGB - BS-Vermietung","isPartOf":{"@id":"https:\/\/bs-vermietung.de\/#website"},"datePublished":"2020-09-05T22:27:52+00:00","dateModified":"2025-08-15T11:54:42+00:00","breadcrumb":{"@id":"https:\/\/bs-vermietung.de\/index.php\/mietbedingungen-agb\/#breadcrumb"},"inLanguage":"de","potentialAction":[{"@type":"ReadAction","target":["https:\/\/bs-vermietung.de\/index.php\/mietbedingungen-agb\/"]}]},{"@type":"BreadcrumbList","@id":"https:\/\/bs-vermietung.de\/index.php\/mietbedingungen-agb\/#breadcrumb","itemListElement":[{"@type":"ListItem","position":1,"name":"Startseite","item":"https:\/\/bs-vermietung.de\/"},{"@type":"ListItem","position":2,"name":"Mietbedingungen \/ AGB"}]},{"@type":"WebSite","@id":"https:\/\/bs-vermietung.de\/#website","url":"https:\/\/bs-vermietung.de\/","name":"BS Vermietung - PA Anlagen","description":"PA und DJ Musikanlagen Vermietung Braunschweig","publisher":{"@id":"https:\/\/bs-vermietung.de\/#organization"},"potentialAction":[{"@type":"SearchAction","target":{"@type":"EntryPoint","urlTemplate":"https:\/\/bs-vermietung.de\/?s={search_term_string}"},"query-input":{"@type":"PropertyValueSpecification","valueRequired":true,"valueName":"search_term_string"}}],"inLanguage":"de"},{"@type":"Organization","@id":"https:\/\/bs-vermietung.de\/#organization","name":"BS-Vermietung","url":"https:\/\/bs-vermietung.de\/","logo":{"@type":"ImageObject","inLanguage":"de","@id":"https:\/\/bs-vermietung.de\/#\/schema\/logo\/image\/","url":"https:\/\/bs-vermietung.de\/wp-content\/uploads\/2020\/09\/pa_anlage_asa02.jpg","contentUrl":"https:\/\/bs-vermietung.de\/wp-content\/uploads\/2020\/09\/pa_anlage_asa02.jpg","width":640,"height":450,"caption":"BS-Vermietung"},"image":{"@id":"https:\/\/bs-vermietung.de\/#\/schema\/logo\/image\/"},"sameAs":["https:\/\/www.facebook.com\/musikanlagen"]}]}},"_links":{"self":[{"href":"https:\/\/bs-vermietung.de\/index.php\/wp-json\/wp\/v2\/pages\/43","targetHints":{"allow":["GET"]}}],"collection":[{"href":"https:\/\/bs-vermietung.de\/index.php\/wp-json\/wp\/v2\/pages"}],"about":[{"href":"https:\/\/bs-vermietung.de\/index.php\/wp-json\/wp\/v2\/types\/page"}],"author":[{"embeddable":true,"href":"https:\/\/bs-vermietung.de\/index.php\/wp-json\/wp\/v2\/users\/1"}],"replies":[{"embeddable":true,"href":"https:\/\/bs-vermietung.de\/index.php\/wp-json\/wp\/v2\/comments?post=43"}],"version-history":[{"count":5,"href":"https:\/\/bs-vermietung.de\/index.php\/wp-json\/wp\/v2\/pages\/43\/revisions"}],"predecessor-version":[{"id":475,"href":"https:\/\/bs-vermietung.de\/index.php\/wp-json\/wp\/v2\/pages\/43\/revisions\/475"}],"wp:attachment":[{"href":"https:\/\/bs-vermietung.de\/index.php\/wp-json\/wp\/v2\/media?parent=43"}],"curies":[{"name":"wp","href":"https:\/\/api.w.org\/{rel}","templated":true}]}}