{"id":41,"date":"2020-09-05T22:27:52","date_gmt":"2020-09-05T22:27:52","guid":{"rendered":"https:\/\/test.bs-vermietung.de\/?page_id=41"},"modified":"2023-02-05T20:03:43","modified_gmt":"2023-02-05T20:03:43","slug":"kontakt-anfrage","status":"publish","type":"page","link":"https:\/\/bs-vermietung.de\/index.php\/kontakt-anfrage\/","title":{"rendered":"Kontakt \/ Anfrage"},"content":{"rendered":"<p>[et_pb_section fb_built=&#8220;1&#8243; _builder_version=&#8220;4.0.6&#8243; global_colors_info=&#8220;{}&#8220;][et_pb_row _builder_version=&#8220;4.0.6&#8243; background_size=&#8220;initial&#8220; background_position=&#8220;top_left&#8220; background_repeat=&#8220;repeat&#8220; global_colors_info=&#8220;{}&#8220;][et_pb_column type=&#8220;4_4&#8243; _builder_version=&#8220;4.0.6&#8243; global_colors_info=&#8220;{}&#8220;][et_pb_image src=&#8220;https:\/\/bs-vermietung.de\/wp-content\/uploads\/2020\/09\/banner_umts-Kopie.jpg&#8220; _builder_version=&#8220;4.0.6&#8243; global_colors_info=&#8220;{}&#8220;][\/et_pb_image][et_pb_text _builder_version=&#8220;4.0.6&#8243; global_colors_info=&#8220;{}&#8220;]<\/p>\n<h1>PA Musikanlagen Vermietung<\/h1>\n<p>[\/et_pb_text][et_pb_text _builder_version=&#8220;4.0.6&#8243; global_colors_info=&#8220;{}&#8220;]<\/p>\n<p>Party &#8211; Messe &amp; Events &#8211; Ton &amp; Beschallung &#8211; Lautsprecher &amp; Komplettsysteme &#8211; Licht &#8211; Beamer &#8211; Nebel<\/p>\n<p>[\/et_pb_text][\/et_pb_column][\/et_pb_row][et_pb_row _builder_version=&#8220;4.0.6&#8243; global_colors_info=&#8220;{}&#8220;][et_pb_column type=&#8220;4_4&#8243; _builder_version=&#8220;4.0.6&#8243; global_colors_info=&#8220;{}&#8220;][et_pb_text _builder_version=&#8220;4.0.6&#8243; global_colors_info=&#8220;{}&#8220;]<\/p>\n<h2>Hier k\u00f6nnen Sie unsere PA-Anlagen anfragen, wir k\u00f6nnen auch sehr kurzfristig eine Anlage zur Verf\u00fcgung stellen. Rufen Sie einfach an 0160 672 44 10 (SMS oder WA ist auch m\u00f6glich) oder 0531\/22 43 42 09 wir beraten Sie gerne welche Anlage f\u00fcr die Raumgr\u00f6\u00dfe und Personenanzahl optimal ist.<\/h2>\n<p>[\/et_pb_text][\/et_pb_column][\/et_pb_row][et_pb_row _builder_version=&#8220;4.0.6&#8243; global_colors_info=&#8220;{}&#8220;][et_pb_column type=&#8220;4_4&#8243; _builder_version=&#8220;4.0.6&#8243; global_colors_info=&#8220;{}&#8220;][et_pb_code _builder_version=&#8220;4.10.8&#8243; _module_preset=&#8220;default&#8220; global_colors_info=&#8220;{}&#8220;]<div class=\"wpforms-container wpforms-container-full\" id=\"wpforms-375\"><form id=\"wpforms-form-375\" class=\"wpforms-validate wpforms-form wpforms-ajax-form\" data-formid=\"375\" method=\"post\" enctype=\"multipart\/form-data\" action=\"\/index.php\/wp-json\/wp\/v2\/pages\/41\" data-token=\"8086fc78b59c47a69acc889203cf0eb3\" data-token-time=\"1778581113\"><noscript class=\"wpforms-error-noscript\">Bitte aktiviere JavaScript in deinem Browser, um dieses Formular fertigzustellen.<\/noscript><div class=\"wpforms-field-container\"><div id=\"wpforms-375-field_0-container\" class=\"wpforms-field wpforms-field-name\" data-field-id=\"0\"><label class=\"wpforms-field-label\">Name <span class=\"wpforms-required-label\">*<\/span><\/label><div class=\"wpforms-field-row wpforms-field-medium\"><div class=\"wpforms-field-row-block wpforms-first wpforms-one-half\"><input type=\"text\" id=\"wpforms-375-field_0\" class=\"wpforms-field-name-first wpforms-field-required\" name=\"wpforms[fields][0][first]\" required><label for=\"wpforms-375-field_0\" class=\"wpforms-field-sublabel after\">Vorname<\/label><\/div><div class=\"wpforms-field-row-block wpforms-one-half\"><input type=\"text\" id=\"wpforms-375-field_0-last\" class=\"wpforms-field-name-last wpforms-field-required\" name=\"wpforms[fields][0][last]\" required><label for=\"wpforms-375-field_0-last\" class=\"wpforms-field-sublabel after\">Nachname<\/label><\/div><\/div><\/div><div id=\"wpforms-375-field_1-container\" class=\"wpforms-field wpforms-field-email\" data-field-id=\"1\"><label class=\"wpforms-field-label\" for=\"wpforms-375-field_1\">Email <span class=\"wpforms-required-label\">*<\/span><\/label><input type=\"email\" id=\"wpforms-375-field_1\" class=\"wpforms-field-medium wpforms-field-required\" name=\"wpforms[fields][1]\" spellcheck=\"false\" required><\/div><div id=\"wpforms-375-field_3-container\" class=\"wpforms-field wpforms-field-text\" data-field-id=\"3\"><label class=\"wpforms-field-label\" for=\"wpforms-375-field_3\">Mietzeitraum<\/label><input type=\"text\" id=\"wpforms-375-field_3\" class=\"wpforms-field-medium\" name=\"wpforms[fields][3]\" ><\/div><div id=\"wpforms-375-field_6-container\" class=\"wpforms-field wpforms-field-number\" data-field-id=\"6\"><label class=\"wpforms-field-label\" for=\"wpforms-375-field_6\">Ungef\u00e4hre Raumgr\u00f6\u00dfe in qm, falls die Veranstaltung im innenbereich stattfinden soll<\/label><input type=\"number\" id=\"wpforms-375-field_6\" class=\"wpforms-field-medium\" name=\"wpforms[fields][6]\" step=\"any\" ><\/div><div id=\"wpforms-375-field_9-container\" class=\"wpforms-field wpforms-field-number\" data-field-id=\"9\"><label class=\"wpforms-field-label\" for=\"wpforms-375-field_9\">Anzahl der G\u00e4ste<\/label><input type=\"number\" id=\"wpforms-375-field_9\" class=\"wpforms-field-medium\" name=\"wpforms[fields][9]\" step=\"any\" ><\/div><div id=\"wpforms-375-field_8-container\" class=\"wpforms-field wpforms-field-select wpforms-field-select-style-classic\" data-field-id=\"8\"><label class=\"wpforms-field-label\" for=\"wpforms-375-field_8\">Gew\u00fcnschte Anlage<\/label><select id=\"wpforms-375-field_8\" class=\"wpforms-field-medium\" name=\"wpforms[fields][8]\"><option value=\"\" class=\"placeholder\" disabled >Bitte w\u00e4hlen<\/option><option value=\"Wahlm\u00f6glichkeit 7\"  selected='selected' class=\"choice-7 depth-1\"  >Wahlm\u00f6glichkeit 7<\/option><option value=\"Mobile Beschallungsanlage 800W 34,00 EUR\"  class=\"choice-1 depth-1\"  >Mobile Beschallungsanlage 800W 34,00 EUR<\/option><option value=\"ASA 01-03 900W  59,00 EUR\"  class=\"choice-2 depth-1\"  >ASA 01-03 900W  59,00 EUR<\/option><option value=\"ASA 02-03 1200 W 69,00 EUR\"  class=\"choice-14 depth-1\"  >ASA 02-03 1200 W 69,00 EUR<\/option><option value=\"ASA 03-03 2000 W 79,00 EUR\"  class=\"choice-15 depth-1\"  >ASA 03-03 2000 W 79,00 EUR<\/option><option value=\"Aktiver PA \u2013 Subwoofer\/BASS  18\u2033 (46 cm) 1200 W 29,00 EUR\"  class=\"choice-9 depth-1\"  >Aktiver PA \u2013 Subwoofer\/BASS  18\u2033 (46 cm) 1200 W 29,00 EUR<\/option><option value=\"2 x Zus\u00e4tzliches Funkmikrofon 10,00 EUR\"  class=\"choice-10 depth-1\"  >2 x Zus\u00e4tzliches Funkmikrofon 10,00 EUR<\/option><option value=\"Mikrofonst\u00e4nder 5,00 EUR\"  class=\"choice-11 depth-1\"  >Mikrofonst\u00e4nder 5,00 EUR<\/option><option value=\"Div. Endstufen\/Boxen ab 25,00 EUR\"  class=\"choice-13 depth-1\"  >Div. Endstufen\/Boxen ab 25,00 EUR<\/option><\/select><\/div><div id=\"wpforms-375-field_16-container\" class=\"wpforms-field wpforms-field-select wpforms-field-select-style-classic\" data-field-id=\"16\"><label class=\"wpforms-field-label\" for=\"wpforms-375-field_16\">Gew\u00fcnschte Anlage\/Zubeh\u00f6r<\/label><select id=\"wpforms-375-field_16\" class=\"wpforms-field-medium\" name=\"wpforms[fields][16]\"><option value=\"\" class=\"placeholder\" disabled >Bitte w\u00e4hlen<\/option><option value=\"Wahlm\u00f6glichkeit 7\"  selected='selected' class=\"choice-7 depth-1\"  >Wahlm\u00f6glichkeit 7<\/option><option value=\"Mobile Beschallungsanlage 800W 34,00 EUR\"  class=\"choice-1 depth-1\"  >Mobile Beschallungsanlage 800W 34,00 EUR<\/option><option value=\"ASA 01-03 900W  59,00 EUR\"  class=\"choice-2 depth-1\"  >ASA 01-03 900W  59,00 EUR<\/option><option value=\"ASA 02-03 1200 W 69,00 EUR\"  class=\"choice-14 depth-1\"  >ASA 02-03 1200 W 69,00 EUR<\/option><option value=\"Aktiver PA \u2013 Subwoofer\/BASS  18\u2033 (46 cm) 1200 W 29,00 EUR\"  class=\"choice-9 depth-1\"  >Aktiver PA \u2013 Subwoofer\/BASS  18\u2033 (46 cm) 1200 W 29,00 EUR<\/option><option value=\"2 x Zus\u00e4tzliches Funkmikrofon 10,00 EUR\"  class=\"choice-10 depth-1\"  >2 x Zus\u00e4tzliches Funkmikrofon 10,00 EUR<\/option><option value=\"Mikrofonst\u00e4nder 5,00 EUR\"  class=\"choice-11 depth-1\"  >Mikrofonst\u00e4nder 5,00 EUR<\/option><option value=\"Nikon D5000 Spiegelrefelx mit Stativ, Objektive und Zubeh\u00f6r 39,00 EUR\"  class=\"choice-12 depth-1\"  >Nikon D5000 Spiegelrefelx mit Stativ, Objektive und Zubeh\u00f6r 39,00 EUR<\/option><option value=\"Div. Endstufen\/Boxen ab 25,00 EUR\"  class=\"choice-13 depth-1\"  >Div. Endstufen\/Boxen ab 25,00 EUR<\/option><\/select><\/div><div id=\"wpforms-375-field_17-container\" class=\"wpforms-field wpforms-field-select wpforms-field-select-style-classic\" data-field-id=\"17\"><label class=\"wpforms-field-label\" for=\"wpforms-375-field_17\">Gew\u00fcnschte Anlage\/Zubeh\u00f6r weitere Option<\/label><select id=\"wpforms-375-field_17\" class=\"wpforms-field-medium\" name=\"wpforms[fields][17]\"><option value=\"\" class=\"placeholder\" disabled >Bitte w\u00e4hlen<\/option><option value=\"Wahlm\u00f6glichkeit 7\"  selected='selected' class=\"choice-7 depth-1\"  >Wahlm\u00f6glichkeit 7<\/option><option value=\"Mobile Beschallungsanlage 800W 34,00 EUR\"  class=\"choice-1 depth-1\"  >Mobile Beschallungsanlage 800W 34,00 EUR<\/option><option value=\"ASA 01-03 900W  59,00 EUR\"  class=\"choice-2 depth-1\"  >ASA 01-03 900W  59,00 EUR<\/option><option value=\"ASA 02-03 1200 W 69,00 EUR\"  class=\"choice-14 depth-1\"  >ASA 02-03 1200 W 69,00 EUR<\/option><option value=\"ASA 03-03 2000 W 79,00 EUR\"  class=\"choice-15 depth-1\"  >ASA 03-03 2000 W 79,00 EUR<\/option><option value=\"PAA ab 39,00 EUR\"  class=\"choice-3 depth-1\"  >PAA ab 39,00 EUR<\/option><option value=\"PA Musikanlage\/2xEndstufe 2000 W  99,00 EUR\"  class=\"choice-4 depth-1\"  >PA Musikanlage\/2xEndstufe 2000 W  99,00 EUR<\/option><option value=\"Lichtanlage mit Nebel 29,00 EUR\"  class=\"choice-5 depth-1\"  >Lichtanlage mit Nebel 29,00 EUR<\/option><option value=\"Beamer\/Projektor 29,00 EUR\"  class=\"choice-6 depth-1\"  >Beamer\/Projektor 29,00 EUR<\/option><option value=\"Leinwand 19 EUR\"  class=\"choice-8 depth-1\"  >Leinwand 19 EUR<\/option><option value=\"Aktiver PA \u2013 Subwoofer\/BASS  18\u2033 (46 cm) 1200 W 29,00 EUR\"  class=\"choice-9 depth-1\"  >Aktiver PA \u2013 Subwoofer\/BASS  18\u2033 (46 cm) 1200 W 29,00 EUR<\/option><option value=\"2 x Zus\u00e4tzliches Funkmikrofon 10,00 EUR\"  class=\"choice-10 depth-1\"  >2 x Zus\u00e4tzliches Funkmikrofon 10,00 EUR<\/option><option value=\"Mikrofonst\u00e4nder 5,00 EUR\"  class=\"choice-11 depth-1\"  >Mikrofonst\u00e4nder 5,00 EUR<\/option><option value=\"Nikon D5000 Spiegelrefelx mit Stativ, Objektive und Zubeh\u00f6r 39,00 EUR\"  class=\"choice-12 depth-1\"  >Nikon D5000 Spiegelrefelx mit Stativ, Objektive und Zubeh\u00f6r 39,00 EUR<\/option><option value=\"Div. Endstufen\/Boxen ab 25,00 EUR\"  class=\"choice-13 depth-1\"  >Div. Endstufen\/Boxen ab 25,00 EUR<\/option><\/select><\/div><div id=\"wpforms-375-field_2-container\" class=\"wpforms-field wpforms-field-textarea\" data-field-id=\"2\"><label class=\"wpforms-field-label\" for=\"wpforms-375-field_2\">Ihre Mitteilung<\/label><textarea id=\"wpforms-375-field_2\" class=\"wpforms-field-medium\" name=\"wpforms[fields][2]\" ><\/textarea><\/div><div id=\"wpforms-375-field_7-container\" class=\"wpforms-field wpforms-field-text\" data-field-id=\"7\"><label class=\"wpforms-field-label\" for=\"wpforms-375-field_7\">Ihre Telefonnummer falls ein R\u00fcckruf gew\u00fcnscht ist<\/label><input type=\"text\" id=\"wpforms-375-field_7\" class=\"wpforms-field-medium\" name=\"wpforms[fields][7]\" ><\/div><div id=\"wpforms-375-field_10-container\" class=\"wpforms-field wpforms-field-checkbox\" data-field-id=\"10\"><label class=\"wpforms-field-label\">Buchung?<\/label><ul id=\"wpforms-375-field_10\"><li class=\"choice-1 depth-1\"><input type=\"checkbox\" id=\"wpforms-375-field_10_1\" name=\"wpforms[fields][10][]\" value=\"Verbindlich buchen falls m\u00f6glich? Dann bitte Ihre Adresse f\u00fcr die Buchungsbest\u00e4tigung eintragen.\"  ><label class=\"wpforms-field-label-inline\" for=\"wpforms-375-field_10_1\">Verbindlich buchen falls m\u00f6glich? Dann bitte Ihre Adresse f\u00fcr die Buchungsbest\u00e4tigung eintragen.<\/label><\/li><\/ul><\/div><div id=\"wpforms-375-field_12-container\" class=\"wpforms-field wpforms-field-text\" data-field-id=\"12\"><label class=\"wpforms-field-label\" for=\"wpforms-375-field_12\">Stra\u00dfe<\/label><input type=\"text\" id=\"wpforms-375-field_12\" class=\"wpforms-field-medium\" name=\"wpforms[fields][12]\" ><\/div><div id=\"wpforms-375-field_13-container\" class=\"wpforms-field wpforms-field-text\" data-field-id=\"13\"><label class=\"wpforms-field-label\" for=\"wpforms-375-field_13\">PLZ \/ ORT<\/label><input type=\"text\" id=\"wpforms-375-field_13\" class=\"wpforms-field-medium\" name=\"wpforms[fields][13]\" ><\/div><\/div><!-- .wpforms-field-container --><div class=\"wpforms-submit-container\" ><input type=\"hidden\" name=\"wpforms[id]\" value=\"375\"><input type=\"hidden\" name=\"page_title\" value=\"\"><input type=\"hidden\" name=\"page_url\" value=\"https:\/\/bs-vermietung.de\/index.php\/wp-json\/wp\/v2\/pages\/41\"><input type=\"hidden\" name=\"url_referer\" value=\"\"><button type=\"submit\" name=\"wpforms[submit]\" id=\"wpforms-submit-375\" class=\"wpforms-submit\" data-alt-text=\"senden....\" data-submit-text=\"Senden\" aria-live=\"assertive\" value=\"wpforms-submit\">Senden<\/button><img loading=\"lazy\" decoding=\"async\" src=\"https:\/\/bs-vermietung.de\/wp-content\/plugins\/wpforms-lite\/assets\/images\/submit-spin.svg\" class=\"wpforms-submit-spinner\" style=\"display: none;\" width=\"26\" height=\"26\" alt=\"Wird geladen\"><\/div><\/form><\/div>  <!-- .wpforms-container -->[\/et_pb_code][\/et_pb_column][\/et_pb_row][\/et_pb_section]<\/p>\n","protected":false},"excerpt":{"rendered":"<p>PA Musikanlagen VermietungParty &#8211; Messe &amp; Events &#8211; Ton &amp; Beschallung &#8211; Lautsprecher &amp; Komplettsysteme &#8211; Licht &#8211; Beamer &#8211; NebelHier k\u00f6nnen Sie unsere PA-Anlagen anfragen, wir k\u00f6nnen auch sehr kurzfristig eine Anlage zur Verf\u00fcgung stellen. Rufen Sie einfach an 0160 672 44 10 (SMS oder WA ist auch m\u00f6glich) oder 0531\/22 43 42 09 [&hellip;]<\/p>\n","protected":false},"author":1,"featured_media":0,"parent":0,"menu_order":0,"comment_status":"closed","ping_status":"closed","template":"","meta":{"_et_pb_use_builder":"on","_et_pb_old_content":"","_et_gb_content_width":"","_exactmetrics_skip_tracking":false,"_exactmetrics_sitenote_active":false,"_exactmetrics_sitenote_note":"","_exactmetrics_sitenote_category":0,"_uf_show_specific_survey":0,"_uf_disable_surveys":false,"footnotes":""},"class_list":["post-41","page","type-page","status-publish","hentry"],"yoast_head":"<!-- This site is optimized with the Yoast SEO plugin v27.5 - https:\/\/yoast.com\/product\/yoast-seo-wordpress\/ -->\n<title>Kontakt \/ Anfrage - BS-Vermietung<\/title>\n<meta name=\"robots\" content=\"index, follow, max-snippet:-1, max-image-preview:large, max-video-preview:-1\" \/>\n<link rel=\"canonical\" href=\"https:\/\/bs-vermietung.de\/index.php\/kontakt-anfrage\/\" \/>\n<meta property=\"og:locale\" content=\"de_DE\" \/>\n<meta property=\"og:type\" content=\"article\" \/>\n<meta property=\"og:title\" content=\"Kontakt \/ Anfrage - BS-Vermietung\" \/>\n<meta property=\"og:description\" content=\"PA Musikanlagen VermietungParty - Messe &amp; Events - Ton &amp; Beschallung - Lautsprecher &amp; Komplettsysteme - Licht - Beamer - NebelHier k\u00f6nnen Sie unsere PA-Anlagen anfragen, wir k\u00f6nnen auch sehr kurzfristig eine Anlage zur Verf\u00fcgung stellen. Rufen Sie einfach an 0160 672 44 10 (SMS oder WA ist auch m\u00f6glich) oder 0531\/22 43 42 09 [&hellip;]\" \/>\n<meta property=\"og:url\" content=\"https:\/\/bs-vermietung.de\/index.php\/kontakt-anfrage\/\" \/>\n<meta property=\"og:site_name\" content=\"BS-Vermietung\" \/>\n<meta property=\"article:publisher\" content=\"https:\/\/www.facebook.com\/musikanlagen\" \/>\n<meta property=\"article:modified_time\" content=\"2023-02-05T20:03:43+00:00\" \/>\n<meta name=\"twitter:card\" content=\"summary_large_image\" \/>\n<meta name=\"twitter:label1\" content=\"Gesch\u00e4tzte Lesezeit\" \/>\n\t<meta name=\"twitter:data1\" content=\"1\u00a0Minute\" \/>\n<script type=\"application\/ld+json\" class=\"yoast-schema-graph\">{\"@context\":\"https:\\\/\\\/schema.org\",\"@graph\":[{\"@type\":\"WebPage\",\"@id\":\"https:\\\/\\\/bs-vermietung.de\\\/index.php\\\/kontakt-anfrage\\\/\",\"url\":\"https:\\\/\\\/bs-vermietung.de\\\/index.php\\\/kontakt-anfrage\\\/\",\"name\":\"Kontakt \\\/ Anfrage - BS-Vermietung\",\"isPartOf\":{\"@id\":\"https:\\\/\\\/bs-vermietung.de\\\/#website\"},\"datePublished\":\"2020-09-05T22:27:52+00:00\",\"dateModified\":\"2023-02-05T20:03:43+00:00\",\"breadcrumb\":{\"@id\":\"https:\\\/\\\/bs-vermietung.de\\\/index.php\\\/kontakt-anfrage\\\/#breadcrumb\"},\"inLanguage\":\"de\",\"potentialAction\":[{\"@type\":\"ReadAction\",\"target\":[\"https:\\\/\\\/bs-vermietung.de\\\/index.php\\\/kontakt-anfrage\\\/\"]}]},{\"@type\":\"BreadcrumbList\",\"@id\":\"https:\\\/\\\/bs-vermietung.de\\\/index.php\\\/kontakt-anfrage\\\/#breadcrumb\",\"itemListElement\":[{\"@type\":\"ListItem\",\"position\":1,\"name\":\"Startseite\",\"item\":\"https:\\\/\\\/bs-vermietung.de\\\/\"},{\"@type\":\"ListItem\",\"position\":2,\"name\":\"Kontakt \\\/ Anfrage\"}]},{\"@type\":\"WebSite\",\"@id\":\"https:\\\/\\\/bs-vermietung.de\\\/#website\",\"url\":\"https:\\\/\\\/bs-vermietung.de\\\/\",\"name\":\"BS Vermietung - PA Anlagen\",\"description\":\"PA und DJ Musikanlagen Vermietung Braunschweig\",\"publisher\":{\"@id\":\"https:\\\/\\\/bs-vermietung.de\\\/#organization\"},\"potentialAction\":[{\"@type\":\"SearchAction\",\"target\":{\"@type\":\"EntryPoint\",\"urlTemplate\":\"https:\\\/\\\/bs-vermietung.de\\\/?s={search_term_string}\"},\"query-input\":{\"@type\":\"PropertyValueSpecification\",\"valueRequired\":true,\"valueName\":\"search_term_string\"}}],\"inLanguage\":\"de\"},{\"@type\":\"Organization\",\"@id\":\"https:\\\/\\\/bs-vermietung.de\\\/#organization\",\"name\":\"BS-Vermietung\",\"url\":\"https:\\\/\\\/bs-vermietung.de\\\/\",\"logo\":{\"@type\":\"ImageObject\",\"inLanguage\":\"de\",\"@id\":\"https:\\\/\\\/bs-vermietung.de\\\/#\\\/schema\\\/logo\\\/image\\\/\",\"url\":\"https:\\\/\\\/bs-vermietung.de\\\/wp-content\\\/uploads\\\/2020\\\/09\\\/pa_anlage_asa02.jpg\",\"contentUrl\":\"https:\\\/\\\/bs-vermietung.de\\\/wp-content\\\/uploads\\\/2020\\\/09\\\/pa_anlage_asa02.jpg\",\"width\":640,\"height\":450,\"caption\":\"BS-Vermietung\"},\"image\":{\"@id\":\"https:\\\/\\\/bs-vermietung.de\\\/#\\\/schema\\\/logo\\\/image\\\/\"},\"sameAs\":[\"https:\\\/\\\/www.facebook.com\\\/musikanlagen\"]}]}<\/script>\n<!-- \/ Yoast SEO plugin. -->","yoast_head_json":{"title":"Kontakt \/ Anfrage - BS-Vermietung","robots":{"index":"index","follow":"follow","max-snippet":"max-snippet:-1","max-image-preview":"max-image-preview:large","max-video-preview":"max-video-preview:-1"},"canonical":"https:\/\/bs-vermietung.de\/index.php\/kontakt-anfrage\/","og_locale":"de_DE","og_type":"article","og_title":"Kontakt \/ Anfrage - BS-Vermietung","og_description":"PA Musikanlagen VermietungParty - Messe &amp; Events - Ton &amp; Beschallung - Lautsprecher &amp; Komplettsysteme - Licht - Beamer - NebelHier k\u00f6nnen Sie unsere PA-Anlagen anfragen, wir k\u00f6nnen auch sehr kurzfristig eine Anlage zur Verf\u00fcgung stellen. Rufen Sie einfach an 0160 672 44 10 (SMS oder WA ist auch m\u00f6glich) oder 0531\/22 43 42 09 [&hellip;]","og_url":"https:\/\/bs-vermietung.de\/index.php\/kontakt-anfrage\/","og_site_name":"BS-Vermietung","article_publisher":"https:\/\/www.facebook.com\/musikanlagen","article_modified_time":"2023-02-05T20:03:43+00:00","twitter_card":"summary_large_image","twitter_misc":{"Gesch\u00e4tzte Lesezeit":"1\u00a0Minute"},"schema":{"@context":"https:\/\/schema.org","@graph":[{"@type":"WebPage","@id":"https:\/\/bs-vermietung.de\/index.php\/kontakt-anfrage\/","url":"https:\/\/bs-vermietung.de\/index.php\/kontakt-anfrage\/","name":"Kontakt \/ Anfrage - BS-Vermietung","isPartOf":{"@id":"https:\/\/bs-vermietung.de\/#website"},"datePublished":"2020-09-05T22:27:52+00:00","dateModified":"2023-02-05T20:03:43+00:00","breadcrumb":{"@id":"https:\/\/bs-vermietung.de\/index.php\/kontakt-anfrage\/#breadcrumb"},"inLanguage":"de","potentialAction":[{"@type":"ReadAction","target":["https:\/\/bs-vermietung.de\/index.php\/kontakt-anfrage\/"]}]},{"@type":"BreadcrumbList","@id":"https:\/\/bs-vermietung.de\/index.php\/kontakt-anfrage\/#breadcrumb","itemListElement":[{"@type":"ListItem","position":1,"name":"Startseite","item":"https:\/\/bs-vermietung.de\/"},{"@type":"ListItem","position":2,"name":"Kontakt \/ Anfrage"}]},{"@type":"WebSite","@id":"https:\/\/bs-vermietung.de\/#website","url":"https:\/\/bs-vermietung.de\/","name":"BS Vermietung - PA Anlagen","description":"PA und DJ Musikanlagen Vermietung Braunschweig","publisher":{"@id":"https:\/\/bs-vermietung.de\/#organization"},"potentialAction":[{"@type":"SearchAction","target":{"@type":"EntryPoint","urlTemplate":"https:\/\/bs-vermietung.de\/?s={search_term_string}"},"query-input":{"@type":"PropertyValueSpecification","valueRequired":true,"valueName":"search_term_string"}}],"inLanguage":"de"},{"@type":"Organization","@id":"https:\/\/bs-vermietung.de\/#organization","name":"BS-Vermietung","url":"https:\/\/bs-vermietung.de\/","logo":{"@type":"ImageObject","inLanguage":"de","@id":"https:\/\/bs-vermietung.de\/#\/schema\/logo\/image\/","url":"https:\/\/bs-vermietung.de\/wp-content\/uploads\/2020\/09\/pa_anlage_asa02.jpg","contentUrl":"https:\/\/bs-vermietung.de\/wp-content\/uploads\/2020\/09\/pa_anlage_asa02.jpg","width":640,"height":450,"caption":"BS-Vermietung"},"image":{"@id":"https:\/\/bs-vermietung.de\/#\/schema\/logo\/image\/"},"sameAs":["https:\/\/www.facebook.com\/musikanlagen"]}]}},"_links":{"self":[{"href":"https:\/\/bs-vermietung.de\/index.php\/wp-json\/wp\/v2\/pages\/41","targetHints":{"allow":["GET"]}}],"collection":[{"href":"https:\/\/bs-vermietung.de\/index.php\/wp-json\/wp\/v2\/pages"}],"about":[{"href":"https:\/\/bs-vermietung.de\/index.php\/wp-json\/wp\/v2\/types\/page"}],"author":[{"embeddable":true,"href":"https:\/\/bs-vermietung.de\/index.php\/wp-json\/wp\/v2\/users\/1"}],"replies":[{"embeddable":true,"href":"https:\/\/bs-vermietung.de\/index.php\/wp-json\/wp\/v2\/comments?post=41"}],"version-history":[{"count":20,"href":"https:\/\/bs-vermietung.de\/index.php\/wp-json\/wp\/v2\/pages\/41\/revisions"}],"predecessor-version":[{"id":433,"href":"https:\/\/bs-vermietung.de\/index.php\/wp-json\/wp\/v2\/pages\/41\/revisions\/433"}],"wp:attachment":[{"href":"https:\/\/bs-vermietung.de\/index.php\/wp-json\/wp\/v2\/media?parent=41"}],"curies":[{"name":"wp","href":"https:\/\/api.w.org\/{rel}","templated":true}]}}